{"id":92,"date":"2014-07-21T17:53:14","date_gmt":"2014-07-21T15:53:14","guid":{"rendered":"http:\/\/31ppp.de\/selina-kiefel\/?page_id=92"},"modified":"2014-07-21T17:53:14","modified_gmt":"2014-07-21T15:53:14","slug":"schreibt-mir","status":"publish","type":"page","link":"https:\/\/31ppp.de\/selina-kiefel\/schreibt-mir\/","title":{"rendered":"Schreibt mir!"},"content":{"rendered":"<p>Hier ist Platz f\u00fcr Eure Gr\u00fc\u00dfe, Nachrichten, Anregungen und Kommentare.<\/p>\n","protected":false},"excerpt":{"rendered":"<p>Hier ist Platz f\u00fcr Eure Gr\u00fc\u00dfe, Nachrichten, Anregungen und Kommentare.<\/p>\n","protected":false},"author":38,"featured_media":0,"parent":0,"menu_order":0,"comment_status":"open","ping_status":"open","template":"","meta":{"_s2mail":"yes","footnotes":""},"class_list":["post-92","page","type-page","status-publish","hentry"],"_links":{"self":[{"href":"https:\/\/31ppp.de\/selina-kiefel\/wp-json\/wp\/v2\/pages\/92","targetHints":{"allow":["GET"]}}],"collection":[{"href":"https:\/\/31ppp.de\/selina-kiefel\/wp-json\/wp\/v2\/pages"}],"about":[{"href":"https:\/\/31ppp.de\/selina-kiefel\/wp-json\/wp\/v2\/types\/page"}],"author":[{"embeddable":true,"href":"https:\/\/31ppp.de\/selina-kiefel\/wp-json\/wp\/v2\/users\/38"}],"replies":[{"embeddable":true,"href":"https:\/\/31ppp.de\/selina-kiefel\/wp-json\/wp\/v2\/comments?post=92"}],"version-history":[{"count":1,"href":"https:\/\/31ppp.de\/selina-kiefel\/wp-json\/wp\/v2\/pages\/92\/revisions"}],"predecessor-version":[{"id":93,"href":"https:\/\/31ppp.de\/selina-kiefel\/wp-json\/wp\/v2\/pages\/92\/revisions\/93"}],"wp:attachment":[{"href":"https:\/\/31ppp.de\/selina-kiefel\/wp-json\/wp\/v2\/media?parent=92"}],"curies":[{"name":"wp","href":"https:\/\/api.w.org\/{rel}","templated":true}]}}