{"id":116,"date":"2014-07-30T16:47:30","date_gmt":"2014-07-30T14:47:30","guid":{"rendered":"http:\/\/31ppp.de\/selina-kiefel\/?page_id=116"},"modified":"2014-10-05T08:05:56","modified_gmt":"2014-10-05T06:05:56","slug":"willkommen","status":"publish","type":"page","link":"https:\/\/31ppp.de\/selina-kiefel\/","title":{"rendered":"Willkommen"},"content":{"rendered":"<p style=\"text-align: center\">Herzlich Willkommen auf meinem Blog zu meinem USA-Aufenthalt!<\/p>\n<p style=\"text-align: center\">Jetzt wird Euch leider nur noch eine Sache am Lesen meiner Beitr\u00e4ge hindern: Ein Passwort. F\u00fcr all die Gl\u00fccklichen, die es schon kennen: Tretet ein. F\u00fcr den interessierten Rest: Schreibt mir doch einfach eine Nachricht (selina.kiefel@outlook.com) und ich lasse Euch das Passwort zukommen.<\/p>\n<p style=\"text-align: center\"><em>Eure Selina<\/em><\/p>\n<p>&nbsp;<\/p>\n","protected":false},"excerpt":{"rendered":"<p>Herzlich Willkommen auf meinem Blog zu meinem USA-Aufenthalt! Jetzt wird Euch leider nur noch eine Sache am Lesen meiner Beitr\u00e4ge hindern: Ein Passwort. F\u00fcr all die Gl\u00fccklichen, die es schon kennen: Tretet ein. F\u00fcr den interessierten Rest: Schreibt mir doch einfach eine Nachricht (selina.kiefel@outlook.com) und ich lasse Euch das Passwort zukommen. Eure Selina &nbsp;<\/p>\n","protected":false},"author":38,"featured_media":308,"parent":0,"menu_order":0,"comment_status":"open","ping_status":"open","template":"","meta":{"_s2mail":"yes","footnotes":""},"class_list":["post-116","page","type-page","status-publish","has-post-thumbnail","hentry"],"_links":{"self":[{"href":"https:\/\/31ppp.de\/selina-kiefel\/wp-json\/wp\/v2\/pages\/116","targetHints":{"allow":["GET"]}}],"collection":[{"href":"https:\/\/31ppp.de\/selina-kiefel\/wp-json\/wp\/v2\/pages"}],"about":[{"href":"https:\/\/31ppp.de\/selina-kiefel\/wp-json\/wp\/v2\/types\/page"}],"author":[{"embeddable":true,"href":"https:\/\/31ppp.de\/selina-kiefel\/wp-json\/wp\/v2\/users\/38"}],"replies":[{"embeddable":true,"href":"https:\/\/31ppp.de\/selina-kiefel\/wp-json\/wp\/v2\/comments?post=116"}],"version-history":[{"count":4,"href":"https:\/\/31ppp.de\/selina-kiefel\/wp-json\/wp\/v2\/pages\/116\/revisions"}],"predecessor-version":[{"id":310,"href":"https:\/\/31ppp.de\/selina-kiefel\/wp-json\/wp\/v2\/pages\/116\/revisions\/310"}],"wp:featuredmedia":[{"embeddable":true,"href":"https:\/\/31ppp.de\/selina-kiefel\/wp-json\/wp\/v2\/media\/308"}],"wp:attachment":[{"href":"https:\/\/31ppp.de\/selina-kiefel\/wp-json\/wp\/v2\/media?parent=116"}],"curies":[{"name":"wp","href":"https:\/\/api.w.org\/{rel}","templated":true}]}}