{"id":87,"date":"2014-07-31T18:18:50","date_gmt":"2014-07-31T16:18:50","guid":{"rendered":"http:\/\/31ppp.de\/sabine-kunzelmann\/?page_id=87"},"modified":"2014-07-31T18:18:50","modified_gmt":"2014-07-31T16:18:50","slug":"das-stipendium","status":"publish","type":"page","link":"https:\/\/31ppp.de\/sabine-kunzelmann\/das-stipendium\/","title":{"rendered":"Das Stipendium"},"content":{"rendered":"<h6><strong>Das Stipendium des Bundestages als junge Botschafterin in die USA zu Reisen.\u00a0\u00a0<\/strong><\/h6>\n<p style=\"font-style: inherit;font-weight: inherit\">Das Parlamentarische Patenschafts-Programm wurde 1983 aus Anlass des 300. Jahrestages der ersten Deutschen Einwanderung gemeinsam vom Kongress der Vereinigten Staaten von Amerika und dem Deutschen Bundestag beschlossen. Dieses Austauschprogramm soll der jungen Generation in beiden L\u00e4ndern die Bedeutung freundschaftlicher Zusammenarbeit, die auf gemeinsamen politischen und kulturellen Wertevorstellungen beruht, auf anschauliche Weise vermitteln.<\/p>\n<h5 style=\"font-weight: inherit\">Programmziel<\/h5>\n<ul>\n<li style=\"font-style: inherit;font-weight: inherit\">F\u00f6rderung des interkulturellen Verst\u00e4ndnisses von jungen Berufst\u00e4tigen durch das kennen lernen der Amerikanischen<\/li>\n<li style=\"font-style: inherit;font-weight: inherit\">Kultur, Mentalit\u00e4t und Lebensweise<\/li>\n<li style=\"font-style: inherit;font-weight: inherit\">Vertiefung der deutsch-amerikanischen Beziehungen<\/li>\n<li style=\"font-style: inherit;font-weight: inherit\">Verbesserung der Fremdsprachenkenntnisse<\/li>\n<li style=\"font-style: inherit;font-weight: inherit\">Erg\u00e4nzung von beruflichen Kenntnissen und Fertigkeiten<\/li>\n<\/ul>\n<h5 style=\"font-weight: inherit\">Teilnahmevoraussetzungen<\/h5>\n<p>Junge Berufst\u00e4tige aus dem kaufm\u00e4nnischen, technischen, handwerklichen und landwirtschaftlichen Bereich mit abgeschlossener Berufsausbildung zum Zeitpunkt der Ausreise und mindestens 16 Jahre, aber h\u00f6chstens 24 Jahre alt sind.<\/p>\n<h5>Interesse ?<\/h5>\n<p><span style=\"color: #373737\">\u00a0Dann schaut hier mal rein.<\/span><\/p>\n<p><a title=\"Deutscher Bundestag - Parlamentarisches Patenschaftsprogramm\" href=\"http:\/\/www.bundestag.de\/bundestag\/europa_internationales\/internat_austausch\/ppp\/\"><span style=\"color: #222222;font-family: Thread-000020b0-Id-000000f0\"><strong>http:\/\/www.bundestag.de\/bundestag\/europa_internationales\/internat_austausch\/ppp\/<\/strong><\/span><\/a><\/p>\n<p><a title=\"GIZ - Parlamentarisches Patenschaftsprogramm f\u00fcr junge Berufst\u00e4tige\" href=\"https:\/\/gc21.giz.de\/ibt\/de\/usr\/modules\/gc21\/ws-FLEXpppusa\/info\/ibt\/index.sxhtml\"><strong><span style=\"color: #222222;font-family: Thread-000020b0-Id-000000f0\">https:\/\/gc21.giz.de\/ibt\/de\/usr\/modules\/gc21\/ws-FLEXpppusa\/info\/ibt\/index.sxhtml<\/span><\/strong><\/a><\/p>\n","protected":false},"excerpt":{"rendered":"<p>Das Stipendium des Bundestages als junge Botschafterin in die USA zu Reisen.\u00a0\u00a0 Das Parlamentarische Patenschafts-Programm wurde 1983 aus Anlass des 300. Jahrestages der ersten Deutschen Einwanderung gemeinsam vom Kongress der Vereinigten Staaten von Amerika und dem Deutschen Bundestag beschlossen. Dieses Austauschprogramm soll der jungen Generation in beiden L\u00e4ndern die Bedeutung freundschaftlicher Zusammenarbeit, die auf gemeinsamen [&hellip;]<\/p>\n","protected":false},"author":26,"featured_media":0,"parent":0,"menu_order":0,"comment_status":"open","ping_status":"open","template":"","meta":{"_s2mail":"yes","footnotes":""},"class_list":["post-87","page","type-page","status-publish","hentry"],"_links":{"self":[{"href":"https:\/\/31ppp.de\/sabine-kunzelmann\/wp-json\/wp\/v2\/pages\/87","targetHints":{"allow":["GET"]}}],"collection":[{"href":"https:\/\/31ppp.de\/sabine-kunzelmann\/wp-json\/wp\/v2\/pages"}],"about":[{"href":"https:\/\/31ppp.de\/sabine-kunzelmann\/wp-json\/wp\/v2\/types\/page"}],"author":[{"embeddable":true,"href":"https:\/\/31ppp.de\/sabine-kunzelmann\/wp-json\/wp\/v2\/users\/26"}],"replies":[{"embeddable":true,"href":"https:\/\/31ppp.de\/sabine-kunzelmann\/wp-json\/wp\/v2\/comments?post=87"}],"version-history":[{"count":3,"href":"https:\/\/31ppp.de\/sabine-kunzelmann\/wp-json\/wp\/v2\/pages\/87\/revisions"}],"predecessor-version":[{"id":90,"href":"https:\/\/31ppp.de\/sabine-kunzelmann\/wp-json\/wp\/v2\/pages\/87\/revisions\/90"}],"wp:attachment":[{"href":"https:\/\/31ppp.de\/sabine-kunzelmann\/wp-json\/wp\/v2\/media?parent=87"}],"curies":[{"name":"wp","href":"https:\/\/api.w.org\/{rel}","templated":true}]}}