{"id":67,"date":"2014-07-30T12:31:57","date_gmt":"2014-07-30T10:31:57","guid":{"rendered":"http:\/\/31ppp.de\/sabine-kunzelmann\/?page_id=67"},"modified":"2014-10-21T04:50:26","modified_gmt":"2014-10-21T02:50:26","slug":"hey-everybody-all-over-the-world","status":"publish","type":"page","link":"https:\/\/31ppp.de\/sabine-kunzelmann\/","title":{"rendered":"&#8230; Hey everybody, all over the world!"},"content":{"rendered":"<p><a href=\"http:\/\/31ppp.de\/sabine-kunzelmann\/wp-content\/uploads\/sites\/30\/2014\/07\/cropped-IMG_5288-Kopie1.jpg\"><img loading=\"lazy\" decoding=\"async\" class=\"alignnone  wp-image-42\" src=\"http:\/\/31ppp.de\/sabine-kunzelmann\/wp-content\/uploads\/sites\/30\/2014\/07\/cropped-IMG_5288-Kopie1-300x78.jpg\" alt=\"cropped-IMG_5288-Kopie1.jpg\" width=\"404\" height=\"105\" srcset=\"https:\/\/31ppp.de\/sabine-kunzelmann\/wp-content\/uploads\/sites\/30\/2014\/07\/cropped-IMG_5288-Kopie1-300x78.jpg 300w, https:\/\/31ppp.de\/sabine-kunzelmann\/wp-content\/uploads\/sites\/30\/2014\/07\/cropped-IMG_5288-Kopie1-624x162.jpg 624w, https:\/\/31ppp.de\/sabine-kunzelmann\/wp-content\/uploads\/sites\/30\/2014\/07\/cropped-IMG_5288-Kopie1.jpg 1024w\" sizes=\"auto, (max-width: 404px) 100vw, 404px\" \/><\/a><\/p>\n<h4><strong>Welcome to my first Blog,<\/strong><\/h4>\n<p>hier werde ich versuchen meine neuen Erfahrungen, Eindr\u00fccke und Erlebnisse so schnell wie m\u00f6glich mit euch zu teilen, damit ihr immer auf dem neuesten Stand seit.<\/p>\n<p>Ich hoffe, dass ich euch \u00fcber meine verr\u00fcckten Eindr\u00fccke, einzigartige Erlebnisse und die manch ein oder andere ausgefallene Erfahrung in meinem Auslandsjahr in den USA (um genauer zu sein in Atlanta, Georgia) erz\u00e4hlen kann. Vielleicht werde ich Berge erklimmen, Fl\u00fcsse durchschwimmen oder einfach nur den Gro\u00dfstadtdschungel erforschen. Mal schauen was mich alles erwartet.<\/p>\n<p>In meinem Blog werdet ihr die M\u00f6glichkeit haben, mit mir durch das Jahr zu gehen. Mit Bildern, Texten und interessanten Informationen versuche ich medial euch immer auf dem neuesten Stand zu bringen und an meinen Erlebnissen teilhaben zu lassen.<\/p>\n<p>&nbsp;<\/p>\n<p>&nbsp;<\/p>\n","protected":false},"excerpt":{"rendered":"<p>Welcome to my first Blog, hier werde ich versuchen meine neuen Erfahrungen, Eindr\u00fccke und Erlebnisse so schnell wie m\u00f6glich mit euch zu teilen, damit ihr immer auf dem neuesten Stand seit. Ich hoffe, dass ich euch \u00fcber meine verr\u00fcckten Eindr\u00fccke, einzigartige Erlebnisse und die manch ein oder andere ausgefallene Erfahrung in meinem Auslandsjahr in den [&hellip;]<\/p>\n","protected":false},"author":26,"featured_media":0,"parent":0,"menu_order":0,"comment_status":"open","ping_status":"open","template":"","meta":{"_s2mail":"yes","footnotes":""},"class_list":["post-67","page","type-page","status-publish","hentry"],"_links":{"self":[{"href":"https:\/\/31ppp.de\/sabine-kunzelmann\/wp-json\/wp\/v2\/pages\/67","targetHints":{"allow":["GET"]}}],"collection":[{"href":"https:\/\/31ppp.de\/sabine-kunzelmann\/wp-json\/wp\/v2\/pages"}],"about":[{"href":"https:\/\/31ppp.de\/sabine-kunzelmann\/wp-json\/wp\/v2\/types\/page"}],"author":[{"embeddable":true,"href":"https:\/\/31ppp.de\/sabine-kunzelmann\/wp-json\/wp\/v2\/users\/26"}],"replies":[{"embeddable":true,"href":"https:\/\/31ppp.de\/sabine-kunzelmann\/wp-json\/wp\/v2\/comments?post=67"}],"version-history":[{"count":5,"href":"https:\/\/31ppp.de\/sabine-kunzelmann\/wp-json\/wp\/v2\/pages\/67\/revisions"}],"predecessor-version":[{"id":242,"href":"https:\/\/31ppp.de\/sabine-kunzelmann\/wp-json\/wp\/v2\/pages\/67\/revisions\/242"}],"wp:attachment":[{"href":"https:\/\/31ppp.de\/sabine-kunzelmann\/wp-json\/wp\/v2\/media?parent=67"}],"curies":[{"name":"wp","href":"https:\/\/api.w.org\/{rel}","templated":true}]}}