{"id":2,"date":"2014-04-26T09:34:40","date_gmt":"2014-04-26T09:34:40","guid":{"rendered":"http:\/\/31ppp.de\/sabine-kunzelmann\/?page_id=2"},"modified":"2014-07-30T13:29:48","modified_gmt":"2014-07-30T11:29:48","slug":"ueber-mich","status":"publish","type":"page","link":"https:\/\/31ppp.de\/sabine-kunzelmann\/ueber-mich\/","title":{"rendered":"\u00dcber mich"},"content":{"rendered":"<p>Ich hei\u00dfe Sabine Kunzelmann und wurde 1990 in Freiburg im Breisgau geboren. Seit dem wohne ich in Merdingen, ein kleines Dorf am Tuniberg und in der N\u00e4he der franz\u00f6sischen Grenze.<img loading=\"lazy\" decoding=\"async\" class=\"size-medium wp-image-53 aligncenter\" src=\"http:\/\/31ppp.de\/sabine-kunzelmann\/wp-content\/uploads\/sites\/30\/2014\/07\/Sabine-Kunzelmann_kompr_doc-300x200.jpg\" alt=\"Sabine Kunzelmann_kompr_doc\" width=\"300\" height=\"200\" srcset=\"https:\/\/31ppp.de\/sabine-kunzelmann\/wp-content\/uploads\/sites\/30\/2014\/07\/Sabine-Kunzelmann_kompr_doc-300x200.jpg 300w, https:\/\/31ppp.de\/sabine-kunzelmann\/wp-content\/uploads\/sites\/30\/2014\/07\/Sabine-Kunzelmann_kompr_doc-624x416.jpg 624w, https:\/\/31ppp.de\/sabine-kunzelmann\/wp-content\/uploads\/sites\/30\/2014\/07\/Sabine-Kunzelmann_kompr_doc.jpg 1024w\" sizes=\"auto, (max-width: 300px) 100vw, 300px\" \/><\/p>\n<p>Hier lebe ich schon seit meiner Geburt mit meiner Familie zusammen. Ich habe zwei Schwestern Eva und Lena, sie sind Zwillinge. Wir verstehen uns gut und sind ein Herz und eine Seele. Meine Hobbys sind das Motorrad und Snowboard fahren.<\/p>\n<p>Meine Erwartungen an Amerika sind, dass ich die Menschen, ihre Kultur, ihre Mentalit\u00e4t und ihr gro\u00dfes Land mit den unbegrenzten M\u00f6glichkeiten kennen lerne. Von der Organisation ist es vorgesehen, dass ich den Monat Juli 2015\u00a0nutze, um das Land zu bereisen.<\/p>\n<p>&nbsp;<\/p>\n","protected":false},"excerpt":{"rendered":"<p>Ich hei\u00dfe Sabine Kunzelmann und wurde 1990 in Freiburg im Breisgau geboren. Seit dem wohne ich in Merdingen, ein kleines Dorf am Tuniberg und in der N\u00e4he der franz\u00f6sischen Grenze. Hier lebe ich schon seit meiner Geburt mit meiner Familie zusammen. Ich habe zwei Schwestern Eva und Lena, sie sind Zwillinge. Wir verstehen uns gut [&hellip;]<\/p>\n","protected":false},"author":3,"featured_media":0,"parent":0,"menu_order":0,"comment_status":"closed","ping_status":"closed","template":"","meta":{"_s2mail":"yes","footnotes":""},"class_list":["post-2","page","type-page","status-publish","hentry"],"_links":{"self":[{"href":"https:\/\/31ppp.de\/sabine-kunzelmann\/wp-json\/wp\/v2\/pages\/2","targetHints":{"allow":["GET"]}}],"collection":[{"href":"https:\/\/31ppp.de\/sabine-kunzelmann\/wp-json\/wp\/v2\/pages"}],"about":[{"href":"https:\/\/31ppp.de\/sabine-kunzelmann\/wp-json\/wp\/v2\/types\/page"}],"author":[{"embeddable":true,"href":"https:\/\/31ppp.de\/sabine-kunzelmann\/wp-json\/wp\/v2\/users\/3"}],"replies":[{"embeddable":true,"href":"https:\/\/31ppp.de\/sabine-kunzelmann\/wp-json\/wp\/v2\/comments?post=2"}],"version-history":[{"count":3,"href":"https:\/\/31ppp.de\/sabine-kunzelmann\/wp-json\/wp\/v2\/pages\/2\/revisions"}],"predecessor-version":[{"id":71,"href":"https:\/\/31ppp.de\/sabine-kunzelmann\/wp-json\/wp\/v2\/pages\/2\/revisions\/71"}],"wp:attachment":[{"href":"https:\/\/31ppp.de\/sabine-kunzelmann\/wp-json\/wp\/v2\/media?parent=2"}],"curies":[{"name":"wp","href":"https:\/\/api.w.org\/{rel}","templated":true}]}}