{"id":35,"date":"2014-07-16T14:43:55","date_gmt":"2014-07-16T12:43:55","guid":{"rendered":"http:\/\/31ppp.de\/ronja-engelhardt\/?page_id=35"},"modified":"2014-12-22T22:33:33","modified_gmt":"2014-12-22T20:33:33","slug":"danke","status":"publish","type":"page","link":"https:\/\/31ppp.de\/ronja-engelhardt\/danke\/","title":{"rendered":"Danke!"},"content":{"rendered":"<p>An dieser Stelle m\u00f6chte ich nur noch eines loswerden: <strong>DANKE!<\/strong><\/p>\n<p>Danke an Alle, die mich in meiner Bewerbungs- und Vorbereitsungsphase unterst\u00fctzt haben und mich sowohl w\u00e4hrend meines Austauschjahres, als auch dar\u00fcber hinaus begleiten werden.<\/p>\n<p>Es ist einfach sch\u00f6n zu wissen, dass es Menschen gibt die in einer solchen Situation hinter mir stehen. Vielleicht sollte man in meinem Fall eher sagen &#8220;Menschen die mich in solch einer Situation ertragen&#8221;, denn ich gehe stark davon aus, dass es ziemlich nervenaufreibend ist, sich fast t\u00e4glich Theorien \u00fcber<\/p>\n<ul>\n<li>&#8220;wie packe ich was am besten in welchen Koffer?&#8221;<\/li>\n<li>&#8220;wo soll ich nur die ganzen Schuhe unterkriegen?&#8221;<\/li>\n<li>&#8220;wann bekomme ich endlich meinen Platzierungsort und wo wird dieser sein?&#8221;<\/li>\n<li>&#8220;was wenn es Alaska wird?!&#8221;<\/li>\n<li>&#8220;Alaska?! Wie komme ich noch kurzfristig zu einem Crash-Kurs im B\u00e4renjagen inkl. Survival-Kurs???!<\/li>\n<\/ul>\n<p>und vieles mehr anzuh\u00f6ren.\u00a0 \ud83d\ude09<\/p>\n<p>Demnach gibt es wirklich nur eines\u00a0zu sagen, DANKE DANKE DANKE!!!<\/p>\n<p>Ich m\u00f6chte einfach mal behaupten, dass ich\u00a0mit\u00a0Abstand\u00a0die beste\/n\u00a0Familie, beste Freundin, Freunde, Arbeitgeber und Arbeitskollegen unter der Sonne habe.\u00a0 \ud83d\ude00<\/p>\n<p>&nbsp;<\/p>\n<p>Danke nat\u00fcrlich auch an die Deutsche Gesellschaft f\u00fcr Internationale Zusammenarbeit (GIZ), Cultural Vistas New York (CV) und meine Patin <span style=\"text-decoration: underline\"><a href=\"http:\/\/www.anja-weisgerber.de\/\" target=\"_blank\">Dr. Anja Weisgerber<\/a>,<\/span>\u00a0MdB, die mir das Ganze \u00fcberhaupt erm\u00f6glichen.<\/p>\n<p>&nbsp;<\/p>\n","protected":false},"excerpt":{"rendered":"<p>An dieser Stelle m\u00f6chte ich nur noch eines loswerden: DANKE! Danke an Alle, die mich in meiner Bewerbungs- und Vorbereitsungsphase unterst\u00fctzt haben und mich sowohl w\u00e4hrend meines Austauschjahres, als auch dar\u00fcber hinaus begleiten werden. Es ist einfach sch\u00f6n zu wissen, dass es Menschen gibt die in einer solchen Situation hinter mir stehen. Vielleicht sollte man [&hellip;]<\/p>\n","protected":false},"author":35,"featured_media":0,"parent":0,"menu_order":4,"comment_status":"open","ping_status":"open","template":"","meta":{"_s2mail":"yes","footnotes":""},"class_list":["post-35","page","type-page","status-publish","hentry"],"_links":{"self":[{"href":"https:\/\/31ppp.de\/ronja-engelhardt\/wp-json\/wp\/v2\/pages\/35","targetHints":{"allow":["GET"]}}],"collection":[{"href":"https:\/\/31ppp.de\/ronja-engelhardt\/wp-json\/wp\/v2\/pages"}],"about":[{"href":"https:\/\/31ppp.de\/ronja-engelhardt\/wp-json\/wp\/v2\/types\/page"}],"author":[{"embeddable":true,"href":"https:\/\/31ppp.de\/ronja-engelhardt\/wp-json\/wp\/v2\/users\/35"}],"replies":[{"embeddable":true,"href":"https:\/\/31ppp.de\/ronja-engelhardt\/wp-json\/wp\/v2\/comments?post=35"}],"version-history":[{"count":13,"href":"https:\/\/31ppp.de\/ronja-engelhardt\/wp-json\/wp\/v2\/pages\/35\/revisions"}],"predecessor-version":[{"id":989,"href":"https:\/\/31ppp.de\/ronja-engelhardt\/wp-json\/wp\/v2\/pages\/35\/revisions\/989"}],"wp:attachment":[{"href":"https:\/\/31ppp.de\/ronja-engelhardt\/wp-json\/wp\/v2\/media?parent=35"}],"curies":[{"name":"wp","href":"https:\/\/api.w.org\/{rel}","templated":true}]}}