{"id":41,"date":"2014-07-29T15:49:59","date_gmt":"2014-07-29T13:49:59","guid":{"rendered":"http:\/\/31ppp.de\/peter-thormann\/?page_id=41"},"modified":"2014-07-29T15:49:59","modified_gmt":"2014-07-29T13:49:59","slug":"college","status":"publish","type":"page","link":"https:\/\/31ppp.de\/peter-thormann\/college\/","title":{"rendered":"College"},"content":{"rendered":"<p><strong>Valdosta State University<\/strong><\/p>\n<p>Das ist nun mein College, auf das ich das n\u00e4chste halbe Jahr gehen werde. Das Bild zeigt die sogenannte &#8220;West Hall&#8221;. In ihr werde ich dann h\u00f6chstwahrscheinlich auch ab und an mal Unterricht haben. Ich war schon sehr beeindruckt, als ich sah, dass vor dem College Palmen stehen. Sieht man schon nicht alle Tage. \ud83d\ude42<\/p>\n<p>Auf die VSU gehen derzeit rund 13.000 Studenten. Der Campus ist dementsprechend riesig. So findet man zum Beispiel eine Basketballhalle f\u00fcr bis zu 6000 Zuschauer, allerlei Sport- und Freizeitpl\u00e4tze, wahnsinnig viele Geb\u00e4ude, Labore und dergleichen sowie ein eigenes medizinisches Zentrum mit 2 \u00c4rzten, die sich nur um die Studenten k\u00fcmmern. Au\u00dferdem hat man t\u00e4glich die Wahl der Qual, in welchem der zahlreichen Restaurants, man\u00a0sein Mittagessen einnehmen soll. So kann man zu &#8220;Moes&#8221; gehen, der sehr\u00a0leckere Burritos und Tacos anbieten oder man entscheidet sich f\u00fcr\u00a0&#8220;Pizza Papa Johns&#8221;. Nat\u00fcrlich kann man auch zu\u00a0&#8220;Palms&#8221; oder &#8220;Hopper Dining&#8221; gehen, falls man doch lieber die ges\u00fcndere K\u00fcche vorzieht. Auf dem Weg dorthin, kann man sich noch beim campuseigenem &#8220;Starbucks&#8221; einen Kaffee mitnehmen. \ud83d\ude42<\/p>\n<p>In den letzten Tagen, habe ich mir schon mal die angebotenen Kurse angeschaut. Die Bandbreite ist gigantisch. Man kann, von Tanzen bis hin zu Japanisch oder Bowling, so ziemlich alles machen. Zun\u00e4chst habe ich mich aber erstmal f\u00fcr Wirtschaftskurse interessiert und schon ein paar gefunden, dich ich gern machen m\u00f6chte, wie zum Beispiel &#8220;International Management&#8221;, &#8220;Leadership Skills&#8221; oder Management and org. Behavior&#8221;.<\/p>\n<p>Anfangs war es gar nicht so leicht hinter das System mit den Credits zu gelangen, die notwendig sind, um einen Kurs zu belegen. Innerhalb meiner Collegezeit habe ich vom Programm aus 12 Credits, die ich weitestgehend selbst aufteilen kann. Lediglich f\u00fcr die H\u00e4lfte der mir zur Verf\u00fcgung gestellten Credits, muss ich f\u00fcr Kurse nehmen, die\u00a0im Bezug zu meinem gelernten Beruf stehen beziehungsweise darauf aufbauen. Im Normalfall ben\u00f6tigt man f\u00fcr einen Kurs 3 Credits und\u00a0besucht diesen dann\u00a03 mal in der Woche. Es gibt aber auch Kurse, f\u00fcr die man nur 1 oder 2 Kredits ben\u00f6tigt.<\/p>\n<p>Durch Brantley habe ich schon viel \u00fcber das College erfahren. So hat mich zum Beispiel mal interessiert, was man als Student, an der VSU, f\u00fcr ein Semester zu bezahlen hat. Die Kosten k\u00f6nnen schnell mal auf 16.000 $ schnellen, was f\u00fcr amerikanische Verh\u00e4ltnisse noch recht moderat ist. Am Ende einer Collegezeit, kann es durchaus vorkommen, dass man mit 50.000 $ verschuldet ist. Wir k\u00f6nnen echt stolz drauf sein in Deutschland studieren zu d\u00fcrfen.<\/p>\n<p>Hier ein hilfreicher link, wenn ihr mehr \u00fcber das College erfahren m\u00f6chtet. \ud83d\ude42<\/p>\n<p><a title=\"Valdosta State University\" href=\"http:\/\/www.valdosta.edu\/welcome.php\">http:\/\/www.valdosta.edu\/welcome.php<\/a><\/p>\n<p>&nbsp;<\/p>\n<p>&nbsp;<\/p>\n","protected":false},"excerpt":{"rendered":"<p>Valdosta State University Das ist nun mein College, auf das ich das n\u00e4chste halbe Jahr gehen werde. Das Bild zeigt die sogenannte &#8220;West Hall&#8221;. In ihr werde ich dann h\u00f6chstwahrscheinlich auch ab und an mal Unterricht haben. Ich war schon sehr beeindruckt, als ich sah, dass vor dem College Palmen stehen. Sieht man schon nicht [&hellip;]<\/p>\n","protected":false},"author":45,"featured_media":42,"parent":0,"menu_order":0,"comment_status":"open","ping_status":"open","template":"","meta":{"_s2mail":"yes","footnotes":""},"class_list":["post-41","page","type-page","status-publish","has-post-thumbnail","hentry"],"_links":{"self":[{"href":"https:\/\/31ppp.de\/peter-thormann\/wp-json\/wp\/v2\/pages\/41","targetHints":{"allow":["GET"]}}],"collection":[{"href":"https:\/\/31ppp.de\/peter-thormann\/wp-json\/wp\/v2\/pages"}],"about":[{"href":"https:\/\/31ppp.de\/peter-thormann\/wp-json\/wp\/v2\/types\/page"}],"author":[{"embeddable":true,"href":"https:\/\/31ppp.de\/peter-thormann\/wp-json\/wp\/v2\/users\/45"}],"replies":[{"embeddable":true,"href":"https:\/\/31ppp.de\/peter-thormann\/wp-json\/wp\/v2\/comments?post=41"}],"version-history":[{"count":7,"href":"https:\/\/31ppp.de\/peter-thormann\/wp-json\/wp\/v2\/pages\/41\/revisions"}],"predecessor-version":[{"id":49,"href":"https:\/\/31ppp.de\/peter-thormann\/wp-json\/wp\/v2\/pages\/41\/revisions\/49"}],"wp:featuredmedia":[{"embeddable":true,"href":"https:\/\/31ppp.de\/peter-thormann\/wp-json\/wp\/v2\/media\/42"}],"wp:attachment":[{"href":"https:\/\/31ppp.de\/peter-thormann\/wp-json\/wp\/v2\/media?parent=41"}],"curies":[{"name":"wp","href":"https:\/\/api.w.org\/{rel}","templated":true}]}}