{"id":2,"date":"2014-04-26T09:34:40","date_gmt":"2014-04-26T09:34:40","guid":{"rendered":"http:\/\/31ppp.de\/peter-thormann\/?page_id=2"},"modified":"2014-04-27T14:24:58","modified_gmt":"2014-04-27T12:24:58","slug":"ueber-mich","status":"publish","type":"page","link":"https:\/\/31ppp.de\/peter-thormann\/ueber-mich\/","title":{"rendered":"\u00dcber mich"},"content":{"rendered":"<p>Hier kannst du ein wenig \u00fcber dich erz\u00e4hlen, damit deine Leser wissen mit wem sie es zu tun haben.<\/p>\n","protected":false},"excerpt":{"rendered":"<p>Hier kannst du ein wenig \u00fcber dich erz\u00e4hlen, damit deine Leser wissen mit wem sie es zu tun haben.<\/p>\n","protected":false},"author":3,"featured_media":0,"parent":0,"menu_order":0,"comment_status":"closed","ping_status":"closed","template":"","meta":{"_s2mail":"","footnotes":""},"class_list":["post-2","page","type-page","status-publish","hentry"],"_links":{"self":[{"href":"https:\/\/31ppp.de\/peter-thormann\/wp-json\/wp\/v2\/pages\/2","targetHints":{"allow":["GET"]}}],"collection":[{"href":"https:\/\/31ppp.de\/peter-thormann\/wp-json\/wp\/v2\/pages"}],"about":[{"href":"https:\/\/31ppp.de\/peter-thormann\/wp-json\/wp\/v2\/types\/page"}],"author":[{"embeddable":true,"href":"https:\/\/31ppp.de\/peter-thormann\/wp-json\/wp\/v2\/users\/3"}],"replies":[{"embeddable":true,"href":"https:\/\/31ppp.de\/peter-thormann\/wp-json\/wp\/v2\/comments?post=2"}],"version-history":[{"count":1,"href":"https:\/\/31ppp.de\/peter-thormann\/wp-json\/wp\/v2\/pages\/2\/revisions"}],"predecessor-version":[{"id":5,"href":"https:\/\/31ppp.de\/peter-thormann\/wp-json\/wp\/v2\/pages\/2\/revisions\/5"}],"wp:attachment":[{"href":"https:\/\/31ppp.de\/peter-thormann\/wp-json\/wp\/v2\/media?parent=2"}],"curies":[{"name":"wp","href":"https:\/\/api.w.org\/{rel}","templated":true}]}}