{"id":88,"date":"2014-07-13T12:38:09","date_gmt":"2014-07-13T10:38:09","guid":{"rendered":"http:\/\/31ppp.de\/mathias-weber\/?page_id=88"},"modified":"2014-10-26T03:00:49","modified_gmt":"2014-10-26T01:00:49","slug":"was-ist-das-ppp","status":"publish","type":"page","link":"https:\/\/31ppp.de\/mathias-weber\/was-ist-das-ppp\/","title":{"rendered":"What is PPP\/CBYX ?"},"content":{"rendered":"<h1 style=\"color: #333333\">Parlamentarisches Patenschafts-Programm f\u00fcr junge Berufst\u00e4tige (PPP)<\/h1>\n<div dir=\"ltr\" style=\"color: #333333\">\n<p>Das Parlamentarische Patenschafts-Programm (PPP) oder auch Congress-Bundestag-Youth-Exchange (CBYX) genannt wurde aus Anlass des 300. Jahrestages der ersten deutschen Einwanderung nach Nordamerika vom Kongress der Vereinigten Staaten von Amerika und vom Deutschen Bundestag beschlossen. Das Programm wendet sich an Sch\u00fcler und junge Berufst\u00e4tige. Mitglieder des Deutschen Bundestages \u00fcbernehmen die Patenschaft \u00fcber jeweils einen Teilnehmer. Mit der Programmdurchf\u00fchrung f\u00fcr die jungen Berufst\u00e4tigen beauftragte der Deutsche Bundestag die Deutsche Gesellschaft f\u00fcr Internationale Zusammenarbeit (GIZ) GmbH.<\/p>\n<h2 style=\"color: #333333\">Programmziele<\/h2>\n<p>Das Parlamentarische Patenschafts-Programm (PPP) dient der \/ dem<\/p>\n<ul>\n<li>Vertiefung der deutsch-amerikanischen Beziehungen<\/li>\n<\/ul>\n<ul>\n<li>F\u00f6rderung des Verst\u00e4ndnisses f\u00fcr eine andere Mentalit\u00e4t<\/li>\n<\/ul>\n<ul>\n<li>Abbau von Vorurteilen und Klischeevorstellungen<\/li>\n<\/ul>\n<ul>\n<li>Kennenlernen der historischen, wirtschaftlichen, politischen und gesellschaftlichen Entwicklung der USA<\/li>\n<\/ul>\n<ul>\n<li>Pers\u00f6nlichkeitsentwicklung des Individuums<\/li>\n<\/ul>\n<ul>\n<li>Erweiterung der Sprachkenntnisse sowie der fachlichen und berufspraktischen Erfahrungen.<\/li>\n<\/ul>\n<h2><strong>Programmablauf und Termine<\/strong><\/h2>\n<ul>\n<li><span style=\"color: #008000\">Oktober\/November 2013: Auswahltagung: \u00a0 \u00a0 \u00a0 \u00a0 \u00a0 \u00a0 \u00a0 \u00a0 \u00a0 \u00a0 \u00a0 \u00a0 \u00a0 \u00a0 \u00a0 \u00a0 \u00a0 \u00a0 \u00a0 \u00a0 \u00a0 \u00a0 \u00a0 \u00a0 \u00a0 \u00a0 \u00a0 \u00a0 \u00a0 \u00a0 \u00a0 \u00a0 \u00a0 \u00a0 check\u00a0<\/span><\/li>\n<\/ul>\n<ul>\n<li><span style=\"color: #008000\">Februar 2014: Mitteilung \u00fcber Programmteilnahme oder -nichtteilnahme: \u00a0 \u00a0 \u00a0 \u00a0 \u00a0 \u00a0 \u00a0 \u00a0check<\/span><\/li>\n<\/ul>\n<ul>\n<li><span style=\"color: #008000\">April\/Mai 2014: Vorbereitung in Form von achtt\u00e4gigen regionalen Vorbereitungsseminaren in Gruppen. Im Rahmen des Seminars erfolgt auch der obligatorische TOEFL-Test &#8220;Test of English as a Foreign Language&#8221;: \u00a0 \u00a0 \u00a0 \u00a0 \u00a0 \u00a0 \u00a0 \u00a0 \u00a0 \u00a0 \u00a0 \u00a0 \u00a0 \u00a0 check<\/span><\/li>\n<\/ul>\n<ul>\n<li><span style=\"color: #008000\">August 2014: Ausreise und Orientierungsseminar in New York mit der Partnerorganisation, Cultural Vistas. Im Anschluss erfolgt die Weiterreise zum Platzierungsort. \u00a0 \u00a0 \u00a0 check<\/span><\/li>\n<\/ul>\n<ul>\n<li><span style=\"color: #008000\">August bis Dezember 2014: Studienzeit in Community Colleges, Junior Colleges, Technical Schools oder andere Bildungseinrichtungen; berufsbezogene Kurse. Die Teilnehmer verpflichten sich, in dieser Zeit auch mind. 40 Stunden in gemeinn\u00fctzigen Projekten mitzuarbeiten. \u00a0 \u00a0 \u00a0\u00a0<\/span><\/li>\n<\/ul>\n<ul>\n<li>Januar 2015 bis Juni 2015: Arbeiten in einem amerikanischen Unternehmen. Das &#8220;Praktikum&#8221; muss berufsbezogen sein.<\/li>\n<\/ul>\n<ul>\n<li>Juli 2015: Abschlussseminar in Washington und R\u00fcckreise nach Deutschland.<\/li>\n<\/ul>\n<ul>\n<li>Herbst 2015: Zweit\u00e4giges Nachbereitungsseminar in Deutschland zur Auswertung.<\/li>\n<\/ul>\n<p>&nbsp;<\/p>\n<\/div>\n","protected":false},"excerpt":{"rendered":"<p>Parlamentarisches Patenschafts-Programm f\u00fcr junge Berufst\u00e4tige (PPP) Das Parlamentarische Patenschafts-Programm (PPP) oder auch Congress-Bundestag-Youth-Exchange (CBYX) genannt wurde aus Anlass des 300. Jahrestages der ersten deutschen Einwanderung nach Nordamerika vom Kongress der Vereinigten Staaten von Amerika und vom Deutschen Bundestag beschlossen. Das Programm wendet sich an Sch\u00fcler und junge Berufst\u00e4tige. Mitglieder des Deutschen Bundestages \u00fcbernehmen die Patenschaft [&hellip;]<\/p>\n","protected":false},"author":12,"featured_media":0,"parent":0,"menu_order":0,"comment_status":"open","ping_status":"open","template":"","meta":{"_s2mail":"yes","footnotes":""},"class_list":["post-88","page","type-page","status-publish","hentry"],"_links":{"self":[{"href":"https:\/\/31ppp.de\/mathias-weber\/wp-json\/wp\/v2\/pages\/88","targetHints":{"allow":["GET"]}}],"collection":[{"href":"https:\/\/31ppp.de\/mathias-weber\/wp-json\/wp\/v2\/pages"}],"about":[{"href":"https:\/\/31ppp.de\/mathias-weber\/wp-json\/wp\/v2\/types\/page"}],"author":[{"embeddable":true,"href":"https:\/\/31ppp.de\/mathias-weber\/wp-json\/wp\/v2\/users\/12"}],"replies":[{"embeddable":true,"href":"https:\/\/31ppp.de\/mathias-weber\/wp-json\/wp\/v2\/comments?post=88"}],"version-history":[{"count":8,"href":"https:\/\/31ppp.de\/mathias-weber\/wp-json\/wp\/v2\/pages\/88\/revisions"}],"predecessor-version":[{"id":264,"href":"https:\/\/31ppp.de\/mathias-weber\/wp-json\/wp\/v2\/pages\/88\/revisions\/264"}],"wp:attachment":[{"href":"https:\/\/31ppp.de\/mathias-weber\/wp-json\/wp\/v2\/media?parent=88"}],"curies":[{"name":"wp","href":"https:\/\/api.w.org\/{rel}","templated":true}]}}