{"id":2,"date":"2014-04-26T09:34:40","date_gmt":"2014-04-26T09:34:40","guid":{"rendered":"http:\/\/31ppp.de\/mareike-nagel\/?page_id=2"},"modified":"2014-07-28T19:38:30","modified_gmt":"2014-07-28T17:38:30","slug":"ueber-mich","status":"publish","type":"page","link":"https:\/\/31ppp.de\/mareike-nagel\/ueber-mich\/","title":{"rendered":"\u00dcber mich"},"content":{"rendered":"<p>Herzlich Willkommen auf meinem Blog!<br \/>\nHier m\u00f6chte ich mit euch die Erlebnisse aus meinem Auslandsjahr teilen.<\/p>\n<p><a href=\"http:\/\/31ppp.de\/mareike-nagel\/wp-content\/uploads\/sites\/57\/2014\/04\/IMG_4012-800x671.jpg\"><img loading=\"lazy\" decoding=\"async\" class=\"alignnone size-medium wp-image-42\" src=\"http:\/\/31ppp.de\/mareike-nagel\/wp-content\/uploads\/sites\/57\/2014\/04\/IMG_4012-800x671-300x251.jpg\" alt=\"IMG_4012 (800x671)\" width=\"300\" height=\"251\" srcset=\"https:\/\/31ppp.de\/mareike-nagel\/wp-content\/uploads\/sites\/57\/2014\/04\/IMG_4012-800x671-300x251.jpg 300w, https:\/\/31ppp.de\/mareike-nagel\/wp-content\/uploads\/sites\/57\/2014\/04\/IMG_4012-800x671.jpg 800w\" sizes=\"auto, (max-width: 300px) 100vw, 300px\" \/><\/a><\/p>\n<p>F\u00fcr alle, die mich nicht pers\u00f6nlich kennen, gibt es einen kurzen Steckbrief.<\/p>\n<p>Name: Mareike Nagel<\/p>\n<p>Alter: 22 Jahre<\/p>\n<p>Beruf: Hotelfachfrau<\/p>\n<p>Heimat: Sankt Augustin<\/p>\n<p>Platzierung: Pearl City, Hawaii<\/p>\n<p>Wahlkreis: 98<\/p>\n<p>Mein PPP Pate: Dr. Norbert R\u00f6ttgen<\/p>\n<p><strong>An dieser Stelle m\u00f6chte ich es nicht vers\u00e4umen mich bei meinem Paten Herrn Dr. Norbert R\u00f6ttgen noch einmal ganz herzlich zu bedanken. Er hat mich f\u00fcr seinen Wahlkreis zur Juniorbotschafterin ernannt. Ohne ihn w\u00e4re ich heute nicht mitten in den Vorbereitungen f\u00fcr mein Jahr in den USA.<\/strong><\/p>\n","protected":false},"excerpt":{"rendered":"<p>Herzlich Willkommen auf meinem Blog! Hier m\u00f6chte ich mit euch die Erlebnisse aus meinem Auslandsjahr teilen. F\u00fcr alle, die mich nicht pers\u00f6nlich kennen, gibt es einen kurzen Steckbrief. Name: Mareike Nagel Alter: 22 Jahre Beruf: Hotelfachfrau Heimat: Sankt Augustin Platzierung: Pearl City, Hawaii Wahlkreis: 98 Mein PPP Pate: Dr. Norbert R\u00f6ttgen An dieser Stelle m\u00f6chte [&hellip;]<\/p>\n","protected":false},"author":3,"featured_media":0,"parent":0,"menu_order":0,"comment_status":"closed","ping_status":"closed","template":"","meta":{"_s2mail":"yes","footnotes":""},"class_list":["post-2","page","type-page","status-publish","hentry"],"_links":{"self":[{"href":"https:\/\/31ppp.de\/mareike-nagel\/wp-json\/wp\/v2\/pages\/2","targetHints":{"allow":["GET"]}}],"collection":[{"href":"https:\/\/31ppp.de\/mareike-nagel\/wp-json\/wp\/v2\/pages"}],"about":[{"href":"https:\/\/31ppp.de\/mareike-nagel\/wp-json\/wp\/v2\/types\/page"}],"author":[{"embeddable":true,"href":"https:\/\/31ppp.de\/mareike-nagel\/wp-json\/wp\/v2\/users\/3"}],"replies":[{"embeddable":true,"href":"https:\/\/31ppp.de\/mareike-nagel\/wp-json\/wp\/v2\/comments?post=2"}],"version-history":[{"count":8,"href":"https:\/\/31ppp.de\/mareike-nagel\/wp-json\/wp\/v2\/pages\/2\/revisions"}],"predecessor-version":[{"id":46,"href":"https:\/\/31ppp.de\/mareike-nagel\/wp-json\/wp\/v2\/pages\/2\/revisions\/46"}],"wp:attachment":[{"href":"https:\/\/31ppp.de\/mareike-nagel\/wp-json\/wp\/v2\/media?parent=2"}],"curies":[{"name":"wp","href":"https:\/\/api.w.org\/{rel}","templated":true}]}}