{"id":2,"date":"2014-04-26T09:34:40","date_gmt":"2014-04-26T09:34:40","guid":{"rendered":"http:\/\/31ppp.de\/lena-treinat\/?page_id=2"},"modified":"2014-08-01T16:37:19","modified_gmt":"2014-08-01T14:37:19","slug":"ueber-mich","status":"publish","type":"page","link":"https:\/\/31ppp.de\/lena-treinat\/ueber-mich\/","title":{"rendered":"\u00dcber mich"},"content":{"rendered":"<p>F\u00fcr alle, die mich nicht pers\u00f6nlich kennen, gibt es einen kurzen Steckbrief.<img loading=\"lazy\" decoding=\"async\" class=\"size-medium wp-image-81 alignright\" src=\"http:\/\/31ppp.de\/lena-treinat\/wp-content\/uploads\/sites\/47\/2014\/04\/koj-200x300.jpg\" alt=\"koj\" width=\"200\" height=\"300\" srcset=\"https:\/\/31ppp.de\/lena-treinat\/wp-content\/uploads\/sites\/47\/2014\/04\/koj-200x300.jpg 200w, https:\/\/31ppp.de\/lena-treinat\/wp-content\/uploads\/sites\/47\/2014\/04\/koj.jpg 370w\" sizes=\"auto, (max-width: 200px) 100vw, 200px\" \/><\/p>\n<p>Name:\u00a0Lena Treinat<\/p>\n<p>Alter: 22 Jahre<\/p>\n<p>Beruf: Tourismuskauffrau f\u00fcr Privat- und Gesch\u00e4ftsreisen<\/p>\n<p>Heimat:\u00a0Klanxb\u00fcll<\/p>\n<p>Platzierung: Robinson, Illinois \/ Valencia, Kalifornien<\/p>\n<p>College: Lincoln Trail College<\/p>\n<p>Wahlkreis: 02<\/p>\n<p>Mein PPP Pate: Ingbert Liebing<\/p>\n<p>&nbsp;<\/p>\n","protected":false},"excerpt":{"rendered":"<p>F\u00fcr alle, die mich nicht pers\u00f6nlich kennen, gibt es einen kurzen Steckbrief. Name:\u00a0Lena Treinat Alter: 22 Jahre Beruf: Tourismuskauffrau f\u00fcr Privat- und Gesch\u00e4ftsreisen Heimat:\u00a0Klanxb\u00fcll Platzierung: Robinson, Illinois \/ Valencia, Kalifornien College: Lincoln Trail College Wahlkreis: 02 Mein PPP Pate: Ingbert&#8230; <a class=\"more-link\" href=\"https:\/\/31ppp.de\/lena-treinat\/ueber-mich\/\">Weiterlesen &rarr;<\/a><\/p>\n","protected":false},"author":3,"featured_media":0,"parent":0,"menu_order":0,"comment_status":"closed","ping_status":"closed","template":"","meta":{"_s2mail":"yes","footnotes":""},"class_list":["post-2","page","type-page","status-publish","hentry"],"_links":{"self":[{"href":"https:\/\/31ppp.de\/lena-treinat\/wp-json\/wp\/v2\/pages\/2","targetHints":{"allow":["GET"]}}],"collection":[{"href":"https:\/\/31ppp.de\/lena-treinat\/wp-json\/wp\/v2\/pages"}],"about":[{"href":"https:\/\/31ppp.de\/lena-treinat\/wp-json\/wp\/v2\/types\/page"}],"author":[{"embeddable":true,"href":"https:\/\/31ppp.de\/lena-treinat\/wp-json\/wp\/v2\/users\/3"}],"replies":[{"embeddable":true,"href":"https:\/\/31ppp.de\/lena-treinat\/wp-json\/wp\/v2\/comments?post=2"}],"version-history":[{"count":5,"href":"https:\/\/31ppp.de\/lena-treinat\/wp-json\/wp\/v2\/pages\/2\/revisions"}],"predecessor-version":[{"id":86,"href":"https:\/\/31ppp.de\/lena-treinat\/wp-json\/wp\/v2\/pages\/2\/revisions\/86"}],"wp:attachment":[{"href":"https:\/\/31ppp.de\/lena-treinat\/wp-json\/wp\/v2\/media?parent=2"}],"curies":[{"name":"wp","href":"https:\/\/api.w.org\/{rel}","templated":true}]}}