{"id":2,"date":"2014-04-26T09:34:40","date_gmt":"2014-04-26T09:34:40","guid":{"rendered":"http:\/\/31ppp.de\/lara-lempp\/?page_id=2"},"modified":"2014-08-15T00:28:26","modified_gmt":"2014-08-14T22:28:26","slug":"ueber-mich","status":"publish","type":"page","link":"https:\/\/31ppp.de\/lara-lempp\/ueber-mich\/","title":{"rendered":"\u00dcber mich"},"content":{"rendered":"<p>&nbsp;<\/p>\n<p style=\"text-align: left\">Hey Ho,<\/p>\n<p style=\"text-align: left\">das ist also \u00fcber mich. Ich wurde am 7.12.1990 in Kassel geboren und bin in und um Kassel herum aufgewachsen mit all meinen Eltern, Geschwistern und Katzen.<\/p>\n<p style=\"text-align: left\">Um es weniger langweilig zu machen und da mich die meisten ohnehin mehr \u00fcber mich wissen, als ich selbst, z\u00e4hle ich lieber ein paar Dinge auf, die mich besser beschreiben als ein chronologischer Lebenlauf.<\/p>\n<p>&nbsp;<\/p>\n<p>&nbsp;<\/p>\n<p>1. Fr\u00fcher wollte ich &#8220;Lara Larissa hat ne kleine Blume Lempp&#8221; hei\u00dfen und irgendwo war da noch &#8220;Rosalinde&#8221; mit drin<\/p>\n<p>2. Ich liebe asiatisches Essen<\/p>\n<p>3. Ich habe sehr lange nicht verstanden wie dieser Martin Luther erst die Bibel \u00fcbersetzen und dann in den USA mit einer Rede ber\u00fchmt werden konnte .<\/p>\n<p>4. Ich mag das Gef\u00fchl von gef\u00f6hntem Haar nicht<\/p>\n<p>5. Ich f\u00fchle mich schlecht, wenn jeder Satz mit &#8220;Ich&#8221; anf\u00e4ngt<\/p>\n<p>6. Deutsche K\u00fcche ist nicht so meins<\/p>\n<p>7. Gr\u00fcne So\u00dfe ist supergeil!<\/p>\n<p>8. Mit 4 Jahren war ich das einzige mal au\u00dferhalb Europas (bis jetzt)<\/p>\n<p>9. Ich liebe den Blick von Menschen, die feststellen, dass etwas nicht in ihr Klischee passt (und nicht schlechter ist)<\/p>\n<p>10. Ich hasse es, mir einzugestehen, dass ich gerade in ein Klischee passe<\/p>\n<p>11. Jedesmal wenn ich nicht Spaghettieis bestelle, bereue ich es<\/p>\n<p>12. Ich hatte viele Hobbies (Ballet, Balllaufen, Trapez, Tennis, Schwimmen, Kanu, Chor, Klavier, Ensemble, und so weiter)<\/p>\n<p>13. Ich wei\u00df zu wenig \u00fcber Lateinamerikanische und Afrikanische K\u00fcche!<\/p>\n<p>14. Ich wei\u00df \u00fcberhaupt zu wenig<\/p>\n<p>15. Ich muss niesen nachdem ich Pfefferminz oder Schokolade (mit hohem Kakaoanteil) gegessen habe<\/p>\n<p>16. Einer der besten Ger\u00fcche ist Tabak und ich drehe echt gern Zigaretten<\/p>\n<p>17. Rauchen interessiert mich nicht.<\/p>\n<p>18. Ich kann mich superschlecht entscheiden<\/p>\n<p>19. Hunde UND Katzen!<\/p>\n<p>20. Wenn ich k\u00f6nnte, w\u00e4r ich Perfektioinistin. Leider sind die Resultate daf\u00fcr nie gut genug.<\/p>\n<p>21. Der beste Humor ist schwarz<\/p>\n<p>22. Ich diskutiere gern.<\/p>\n<p>23. Ich kann mich \u00fcber fast alles freuen oder aufregen<\/p>\n<p>24. Kitschige Sachen mag ich nicht<\/p>\n<p>25. Ich liebe Ikeabettw\u00e4sche mit Bl\u00fcmchen<\/p>\n<p>26. Ich liebe Musik, aber bitte keine Charts und Schlager<\/p>\n<p>27. Ich h\u00e4tte gern mehr Zeit f\u00fcr superviele Dinge (wie Portal 2)<\/p>\n<p>28. Ich kann immer und \u00fcberall schlafen, wenn ich m\u00fcde genug bin<\/p>\n<p>29. Mediterrane K\u00fcche ist toll<\/p>\n<p>30. Wenn ich mir ein Parfum kreieren k\u00f6nnte, m\u00fcsste es nach Wasser in einem klaren Bergsee riechen<\/p>\n<p>31. Ich liebe Essen<\/p>\n<p>32. &#8230;machen<\/p>\n<p>33. und gehen&#8230;<\/p>\n<p>34. Ich verwende ich liebe und ich hasse inflation\u00e4r<\/p>\n<p>35. Ich liebe sehr viele Menschen, die das hoffentlich alle wissen<\/p>\n<p>36. Ich hasse Rechtfertigungszwang f\u00fcr so vieles! (zum Beispiel Vegetarismus)<\/p>\n<p>37. Beatles UND Stones!<\/p>\n<p>38. Ich mag Gegens\u00e4tze<\/p>\n<p>39. Ich bin Filmfreak, aber alle meine Freunde kennen mehr als ich<\/p>\n<p>40. Am schlimmsten sind warme Milch und labberige Cornflakes<\/p>\n<p>41. Ich kann mich einfach nicht kurzfassen&#8230;<\/p>\n<p>42. Douglas Adams hatte Recht<\/p>\n","protected":false},"excerpt":{"rendered":"<p>&nbsp; Hey Ho, das ist also \u00fcber mich. Ich wurde am 7.12.1990 in Kassel geboren und bin in und um Kassel herum aufgewachsen mit all meinen Eltern, Geschwistern und Katzen. Um es weniger langweilig zu machen und da mich die meisten ohnehin mehr \u00fcber mich wissen, als ich selbst, z\u00e4hle ich lieber ein paar Dinge [&hellip;]<\/p>\n","protected":false},"author":3,"featured_media":38,"parent":0,"menu_order":0,"comment_status":"closed","ping_status":"closed","template":"","meta":{"_s2mail":"yes","footnotes":""},"class_list":["post-2","page","type-page","status-publish","has-post-thumbnail","hentry"],"_links":{"self":[{"href":"https:\/\/31ppp.de\/lara-lempp\/wp-json\/wp\/v2\/pages\/2","targetHints":{"allow":["GET"]}}],"collection":[{"href":"https:\/\/31ppp.de\/lara-lempp\/wp-json\/wp\/v2\/pages"}],"about":[{"href":"https:\/\/31ppp.de\/lara-lempp\/wp-json\/wp\/v2\/types\/page"}],"author":[{"embeddable":true,"href":"https:\/\/31ppp.de\/lara-lempp\/wp-json\/wp\/v2\/users\/3"}],"replies":[{"embeddable":true,"href":"https:\/\/31ppp.de\/lara-lempp\/wp-json\/wp\/v2\/comments?post=2"}],"version-history":[{"count":5,"href":"https:\/\/31ppp.de\/lara-lempp\/wp-json\/wp\/v2\/pages\/2\/revisions"}],"predecessor-version":[{"id":45,"href":"https:\/\/31ppp.de\/lara-lempp\/wp-json\/wp\/v2\/pages\/2\/revisions\/45"}],"wp:featuredmedia":[{"embeddable":true,"href":"https:\/\/31ppp.de\/lara-lempp\/wp-json\/wp\/v2\/media\/38"}],"wp:attachment":[{"href":"https:\/\/31ppp.de\/lara-lempp\/wp-json\/wp\/v2\/media?parent=2"}],"curies":[{"name":"wp","href":"https:\/\/api.w.org\/{rel}","templated":true}]}}