{"id":31,"date":"2014-07-10T13:44:57","date_gmt":"2014-07-10T11:44:57","guid":{"rendered":"http:\/\/31ppp.de\/kevin-coellen\/?page_id=31"},"modified":"2014-10-30T05:42:15","modified_gmt":"2014-10-30T03:42:15","slug":"to-do-list-usa","status":"publish","type":"page","link":"https:\/\/31ppp.de\/kevin-coellen\/to-do-list-usa\/","title":{"rendered":"To Do List USA"},"content":{"rendered":"<p><a href=\"http:\/\/31ppp.de\/kevin-coellen\/wp-content\/uploads\/sites\/38\/2014\/07\/To-Do.jpg\"><img loading=\"lazy\" decoding=\"async\" class=\"size-medium wp-image-71 aligncenter\" src=\"http:\/\/31ppp.de\/kevin-coellen\/wp-content\/uploads\/sites\/38\/2014\/07\/To-Do-300x300.jpg\" alt=\"To Do\" width=\"300\" height=\"300\" srcset=\"https:\/\/31ppp.de\/kevin-coellen\/wp-content\/uploads\/sites\/38\/2014\/07\/To-Do-300x300.jpg 300w, https:\/\/31ppp.de\/kevin-coellen\/wp-content\/uploads\/sites\/38\/2014\/07\/To-Do-150x150.jpg 150w, https:\/\/31ppp.de\/kevin-coellen\/wp-content\/uploads\/sites\/38\/2014\/07\/To-Do.jpg 312w\" sizes=\"auto, (max-width: 300px) 100vw, 300px\" \/><\/a><\/p>\n<p>Soo, jetzt habe ich die erste &#8220;vorl\u00e4ufige&#8221; Liste fertig, was ich w\u00e4hrend meines Jahres erleben m\u00f6chte. Die Liste wird kontinuierlich erweitert und aktualisiert. Nat\u00fcrlich bin ich f\u00fcr Vorschl\u00e4ge von euch offen, was man sonst noch getan haben sollte.<\/p>\n<p><strong>Cities I want to visit:<\/strong><\/p>\n<p>o\u00a0\u00a0 Albuquerque, NM (Breaking Bad)<\/p>\n<p>o\u00a0\u00a0 Atlanta, GE (The Walking Dead)<\/p>\n<p>o\u00a0\u00a0 Los Angeles, CA (The Shield)<\/p>\n<p>o\u00a0\u00a0 New York\u00a0\u2228<\/p>\n<p>o\u00a0\u00a0 Washington<\/p>\n<p>o\u00a0\u00a0 Chicago\u00a0\u2228<\/p>\n<p>o\u00a0\u00a0 Boston<\/p>\n<p>o\u00a0\u00a0 San Francisco<\/p>\n<p>o\u00a0\u00a0 Las Vegas<\/p>\n<p>o\u00a0\u00a0 Miami<\/p>\n<p>o\u00a0\u00a0 Orlando<\/p>\n<p>o\u00a0\u00a0 OmaHa (Peyton Manning :D)\u00a0\u2228<\/p>\n<p>o\u00a0\u00a0 Philadelphia<\/p>\n<p>o\u00a0Cincinnati\u00a0\u2228<\/p>\n<p>o Cleveland\u00a0\u2228<\/p>\n<p>o Pittsburgh\u00a0\u2228<\/p>\n<p><strong>Places and festivals:<\/strong><\/p>\n<p>o\u00a0\u00a0 Grand Canyon<\/p>\n<p>o\u00a0\u00a0 Ride with Cable Car in San Francisco<\/p>\n<p>o\u00a0\u00a0 Driving State Route 1, CA<\/p>\n<p>o\u00a0\u00a0 Attending a Student House Party<\/p>\n<p>o\u00a0\u00a0 Visit the Old Farms in the South<\/p>\n<p>o\u00a0\u00a0 Drink a Jack Daniels in Tennessee<\/p>\n<p>o\u00a0\u00a0 Drive and drink along the Bourbon Trail (Kentucky)<\/p>\n<p>o\u00a0\u00a0 Watch the sunrise on Cadillac Mountain (Maine)<\/p>\n<p>o\u00a0\u00a0 Balloon Festival (Albuquerque, New Mexico)<\/p>\n<p>o\u00a0\u00a0 Cliff Walk, Rhode Island<\/p>\n<p>o\u00a0\u00a0 Sundance Film Festival<\/p>\n<p>o\u00a0\u00a0 Warner Studios in LA<\/p>\n<p>o\u00a0\u00a0 Make a Picture with the Hollywood Sign<\/p>\n<p>o\u00a0\u00a0 Walk over Golden Gate Bridge<\/p>\n<p>o\u00a0\u00a0 Make a Journey through Queens<\/p>\n<p>o\u00a0\u00a0 Hike to Delicate Arch (Utah)<\/p>\n<p>o\u00a0\u00a0 Walk the Skywalk above the Grand Canyon<\/p>\n<p>o\u00a0\u00a0 Visit the Smithsonian Museum (Washington D.C.)<\/p>\n<p>o\u00a0\u00a0 Civil War Battleground Tours<\/p>\n<p>o\u00a0\u00a0 Museum of Natural History in New York<\/p>\n<p>o\u00a0\u00a0 Burning Man Festival<\/p>\n<p>o\u00a0\u00a0 Hang out at Venice Beach (CA)<\/p>\n<p>o\u00a0\u00a0 Visit the White House (Washington D.C.)<\/p>\n<p>o\u00a0\u00a0 Central Station\u00a0\u2228<\/p>\n<p>o\u00a0\u00a0 Spring Break, FL<\/p>\n<p>o\u00a0\u00a0 Mardy Grass in Big Easy (New Orleans, LA)<\/p>\n<p>o\u00a0\u00a0 Mount Rushmore (ND)<\/p>\n<p>&nbsp;<\/p>\n<p><strong>Just Things:<\/strong><\/p>\n<p>o\u00a0\u00a0 Attending a great Super Bowl Party<\/p>\n<p>o\u00a0\u00a0 Visit a Shooting range<\/p>\n<p>o\u00a0\u00a0 Driving the Route 66\u00a0\u2228<\/p>\n<p>o\u00a0\u00a0 Theme Park Tour<\/p>\n<p>o\u00a0\u00a0 Lose a little bit of Money in Las Vegas<\/p>\n<p>o\u00a0\u00a0 Drive with an Airboat in the Swamps<\/p>\n<p>o\u00a0\u00a0 Eat a huge Steak in Texas<\/p>\n<p>o\u00a0\u00a0 Take a few Climbing Tours<\/p>\n<p>o \u00a0 \u00a0Throw some footballs in the backyard\u00a0\u2228<\/p>\n<p>o\u00a0\u00a0 Running the Stairs in \u201cPhiladelphia\u201d like Rocky<\/p>\n<p>o\u00a0\u00a0 Visit the Set of \u201cBlood In Blood Out\u201d<\/p>\n<p>o\u00a0\u00a0 Celebrate the St. Patricks Day<\/p>\n<p>o \u00a0Watching Dawn at Top of the Rocks\u00a0\u2228<\/p>\n<p>o\u00a0\u00a0 Joining a Halloween Party\u00a0\u2228<\/p>\n<p>o \u00a0 Ride with the Metro in New York\u00a0\u2228<\/p>\n<p>o\u00a0\u00a0 Make a classic Roadtrip with \u201c500 Miles\u201d at the Radio<\/p>\n<p>o\u00a0\u00a0 Sleep a Night in the desert while watching the sky full of stars<\/p>\n<p>o\u00a0\u00a0 Visit an Airplane Carrier<\/p>\n<p>o\u00a0\u00a0 Hunting bears in Alaska (Ronja :D)<\/p>\n<p>o\u00a0\u00a0 Die Leute bei Walmart anschauen \ud83d\ude00\u00a0\u2228<\/p>\n<p>o\u00a0\u00a0 Walking over the Times Square and Broadway\u00a0\u2228<\/p>\n<p>o \u00a0 Watching a Baseball Game Live in the Stadium\u00a0\u2228<\/p>\n<p>o\u00a0\u00a0 Watching a Football game live in the Stadium\u2228<\/p>\n<p>o \u00a0 Saw the Statue of Liberty\u00a0\u2228<\/p>\n<p>o\u00a0\u00a0 Sitting in front of the Unisphere like Doug and Carrie<\/p>\n<p>o \u00a0 \u00a0Visit the Central Park \u00a0\u2228<\/p>\n<p>o\u00a0\u00a0 Taste all the Fastfood Restaurants<\/p>\n<p>o\u00a0\u00a0 Eat the best Burger in the world<\/p>\n<p>o\u00a0\u00a0 Eine Geisterstadt besuchen<\/p>\n<p>o\u00a0\u00a0 Having Breakfast in a American Diner\u00a0\u2228<\/p>\n<p>o \u00a0\u00a0Eat a real american Turkey at Thanksgiving<\/p>\n<p>o\u00a0\u00a0 Having a classic american barbecue\u00a0\u2228<\/p>\n<p>o\u00a0\u00a0 Make a Pub Crawl<\/p>\n<p>o \u00a0 Visit the Rock&#8217;n Roll Hall of Fame in Cleveland\u00a0\u2228<\/p>\n<p>o \u00a0 Going by cab through New York\u00a0\u2228<\/p>\n<p>o \u00a0 Eating a Deep Dish Pizza in Chicago\u00a0\u2228<\/p>\n<p>&nbsp;<\/p>\n<p>&nbsp;<\/p>\n<p><strong>Bars to visit:<\/strong><\/p>\n<p>o\u00a0\u00a0 Smugglers Cove, San Francisco<\/p>\n<p>o\u00a0\u00a0 Ship Tavern, Denver<\/p>\n<p>o\u00a0\u00a0 Williams &amp; Graham, Denver<\/p>\n<p>o\u00a0\u00a0 The Esquire Tavern, San Antonio<\/p>\n<p>o \u00a0Three Dots and a Dash, Chicago\u00a0\u2228<\/p>\n<p>o\u00a0\u00a0 Angel\u2019s Share, New York<\/p>\n<p>o\u00a0\u00a0 The Violet Bar, Chicago<\/p>\n<p>o\u00a0\u00a0 The Alembic, San Francisco<\/p>\n<p>o\u00a0\u00a0 Please Don\u2019t Tell, New York<\/p>\n<p>o\u00a0\u00a0 Holeman &amp; Finch, Atlanta<\/p>\n<p>o\u00a0\u00a0 The Patterson House, Nashville<\/p>\n<p><strong>Chicago<\/strong><\/p>\n<p>o\u00a0\u00a0 Visit the glass Balcons on the Willis Tower\u00a0\u2228<\/p>\n<p>o\u00a0\u00a0 Visit Millenium Park\u00a0\u2228<\/p>\n<p>o\u00a0\u00a0 Navy Pier\u00a0\u2228<\/p>\n<p>o\u00a0\u00a0 Eat a Chicago Pizza\u00a0\u2228<\/p>\n<p>o\u00a0\u00a0 Go through all the museums<\/p>\n<p>o\u00a0\u00a0 Go to the Zoo\u00a0\u2228<\/p>\n<p>o\u00a0\u00a0 Watch a live game of the Chicago Bears, Chicago Bulls, Chicago Red-Sox and Chicago Cubs\u00a0\u2228<\/p>\n<p>o\u00a0\u00a0 Swim in Lake Michigan\u00a0\u2228<\/p>\n<p>o\u00a0\u00a0 Visit Hancock Tower\u00a0\u2228<\/p>\n<p>&nbsp;<\/p>\n<p>Ja ich wei\u00df, ich hab mir viel vorgenommen \ud83d\ude42<\/p>\n","protected":false},"excerpt":{"rendered":"<p>Soo, jetzt habe ich die erste &#8220;vorl\u00e4ufige&#8221; Liste fertig, was ich w\u00e4hrend meines Jahres erleben m\u00f6chte. Die Liste wird kontinuierlich erweitert und aktualisiert. Nat\u00fcrlich bin ich f\u00fcr Vorschl\u00e4ge von euch offen, was man sonst noch getan haben sollte. Cities I want to visit: o\u00a0\u00a0 Albuquerque, NM (Breaking Bad) o\u00a0\u00a0 Atlanta, GE (The Walking Dead) o\u00a0\u00a0 [&hellip;]<\/p>\n","protected":false},"author":33,"featured_media":0,"parent":0,"menu_order":0,"comment_status":"open","ping_status":"open","template":"","meta":{"_s2mail":"yes","footnotes":""},"class_list":["post-31","page","type-page","status-publish","hentry"],"_links":{"self":[{"href":"https:\/\/31ppp.de\/kevin-coellen\/wp-json\/wp\/v2\/pages\/31","targetHints":{"allow":["GET"]}}],"collection":[{"href":"https:\/\/31ppp.de\/kevin-coellen\/wp-json\/wp\/v2\/pages"}],"about":[{"href":"https:\/\/31ppp.de\/kevin-coellen\/wp-json\/wp\/v2\/types\/page"}],"author":[{"embeddable":true,"href":"https:\/\/31ppp.de\/kevin-coellen\/wp-json\/wp\/v2\/users\/33"}],"replies":[{"embeddable":true,"href":"https:\/\/31ppp.de\/kevin-coellen\/wp-json\/wp\/v2\/comments?post=31"}],"version-history":[{"count":8,"href":"https:\/\/31ppp.de\/kevin-coellen\/wp-json\/wp\/v2\/pages\/31\/revisions"}],"predecessor-version":[{"id":273,"href":"https:\/\/31ppp.de\/kevin-coellen\/wp-json\/wp\/v2\/pages\/31\/revisions\/273"}],"wp:attachment":[{"href":"https:\/\/31ppp.de\/kevin-coellen\/wp-json\/wp\/v2\/media?parent=31"}],"curies":[{"name":"wp","href":"https:\/\/api.w.org\/{rel}","templated":true}]}}