{"id":2,"date":"2014-04-26T09:34:40","date_gmt":"2014-04-26T09:34:40","guid":{"rendered":"http:\/\/31ppp.de\/kevin-coellen\/?page_id=2"},"modified":"2014-07-10T13:50:31","modified_gmt":"2014-07-10T11:50:31","slug":"ueber-mich","status":"publish","type":"page","link":"https:\/\/31ppp.de\/kevin-coellen\/ueber-mich\/","title":{"rendered":"\u00dcber mich"},"content":{"rendered":"<p>Hallo zusammen,<\/p>\n<p>mein Name ist Kevin C\u00f6llen, ich bin noch 22 Jahre alt und komme aus Dormagen in der N\u00e4he von K\u00f6ln. Ich habe meine Ausbildung als Veranstaltungskaufmann erfolgreich abgeschlossen und werde jetzt f\u00fcr ein Jahr in die Vereinigten Staaten gehen. In diesem Blog m\u00f6chte ich euch mehr oder weniger regelm\u00e4\u00dfig \u00fcber meine Erlebnisse w\u00e4hrend meines Jahres auf dem laufenden halten.<\/p>\n<p>\u00dcber Kommentare und Fragen freue ich mich nat\u00fcrlich.<\/p>\n<p>lg Kevin<\/p>\n","protected":false},"excerpt":{"rendered":"<p>Hallo zusammen, mein Name ist Kevin C\u00f6llen, ich bin noch 22 Jahre alt und komme aus Dormagen in der N\u00e4he von K\u00f6ln. Ich habe meine Ausbildung als Veranstaltungskaufmann erfolgreich abgeschlossen und werde jetzt f\u00fcr ein Jahr in die Vereinigten Staaten gehen. In diesem Blog m\u00f6chte ich euch mehr oder weniger regelm\u00e4\u00dfig \u00fcber meine Erlebnisse w\u00e4hrend [&hellip;]<\/p>\n","protected":false},"author":3,"featured_media":0,"parent":0,"menu_order":0,"comment_status":"closed","ping_status":"closed","template":"","meta":{"_s2mail":"yes","footnotes":""},"class_list":["post-2","page","type-page","status-publish","hentry"],"_links":{"self":[{"href":"https:\/\/31ppp.de\/kevin-coellen\/wp-json\/wp\/v2\/pages\/2","targetHints":{"allow":["GET"]}}],"collection":[{"href":"https:\/\/31ppp.de\/kevin-coellen\/wp-json\/wp\/v2\/pages"}],"about":[{"href":"https:\/\/31ppp.de\/kevin-coellen\/wp-json\/wp\/v2\/types\/page"}],"author":[{"embeddable":true,"href":"https:\/\/31ppp.de\/kevin-coellen\/wp-json\/wp\/v2\/users\/3"}],"replies":[{"embeddable":true,"href":"https:\/\/31ppp.de\/kevin-coellen\/wp-json\/wp\/v2\/comments?post=2"}],"version-history":[{"count":3,"href":"https:\/\/31ppp.de\/kevin-coellen\/wp-json\/wp\/v2\/pages\/2\/revisions"}],"predecessor-version":[{"id":37,"href":"https:\/\/31ppp.de\/kevin-coellen\/wp-json\/wp\/v2\/pages\/2\/revisions\/37"}],"wp:attachment":[{"href":"https:\/\/31ppp.de\/kevin-coellen\/wp-json\/wp\/v2\/media?parent=2"}],"curies":[{"name":"wp","href":"https:\/\/api.w.org\/{rel}","templated":true}]}}