{"id":39,"date":"2014-07-27T12:49:32","date_gmt":"2014-07-27T10:49:32","guid":{"rendered":"http:\/\/31ppp.de\/bianca-noeth\/?page_id=39"},"modified":"2015-01-29T23:35:51","modified_gmt":"2015-01-29T21:35:51","slug":"ueber-mich-2","status":"publish","type":"page","link":"https:\/\/31ppp.de\/bianca-noeth\/ueber-mich-2\/","title":{"rendered":"\u00dcber mich"},"content":{"rendered":"<p><img loading=\"lazy\" decoding=\"async\" class=\"size-medium wp-image-40 aligncenter\" src=\"http:\/\/31ppp.de\/bianca-noeth\/wp-content\/uploads\/sites\/32\/2014\/07\/Bildschirmfoto-2014-07-27-um-11.32.37-300x198.png\" alt=\"me\" width=\"300\" height=\"198\" srcset=\"https:\/\/31ppp.de\/bianca-noeth\/wp-content\/uploads\/sites\/32\/2014\/07\/Bildschirmfoto-2014-07-27-um-11.32.37-300x198.png 300w, https:\/\/31ppp.de\/bianca-noeth\/wp-content\/uploads\/sites\/32\/2014\/07\/Bildschirmfoto-2014-07-27-um-11.32.37.png 885w\" sizes=\"auto, (max-width: 300px) 100vw, 300px\" \/><\/p>\n<p>Ich hei\u00dfe euch herzlich willkommen auf meinem Blog, welcher mich w\u00e4hrend meines Auslandsjahres begleiten wird.<\/p>\n<p>Denn ab August 2014 werde ich am 31. Parlamentarischen Patenschafts-Programm (PPP) teilnehmen und ein ein ganzes Jahr in den USA verbringen. N\u00e4hre Infos zu dem Programm findet ihr hier <a title=\"Das PPP\" href=\"http:\/\/31ppp.de\/bianca-noeth\/das-ppp\/\" target=\"_blank\">http:\/\/31ppp.de\/bianca-noeth\/das-ppp\/<\/a><\/p>\n<p>F\u00fcr alle die mich noch nicht kennen, hier das Wichtigste im \u00dcberblick\u2028:<\/p>\n<p><strong>Name:<\/strong> Bianca N\u00f6th<\/p>\n<p><strong>Geburtstag:<\/strong> 25.November 1991 (22 Jahre)<\/p>\n<p><strong>Sternzeichen:<\/strong> Sch\u00fctze<\/p>\n<p><strong>Nationalit\u00e4t:<\/strong> deutsch<\/p>\n<p><strong>Wohnort:<\/strong> Hattersheim, Hessen, Deutschland<\/p>\n<p><strong>Wahlkreis:<\/strong> 181 (Main-Taunus)<\/p>\n<p><strong>Ausbildungsberuf:<\/strong> Kauffrau f\u00fcr Marketingkommunikation<\/p>\n<p><strong>Hobbies:<\/strong> Fotografie, Fahrradfahren, Skifahren, Schwimmen, Blogs, Festivals, Konzerte, TV Serien<\/p>\n<p><strong>Platzierungsort in den USA:<\/strong> Vancouver, WA<\/p>\n<p><strong>College in den USA:<\/strong> Clark College<\/p>\n<p><strong>Mein PPP Pate:<\/strong> Herr Prof. Dr. Heinz Riesenhuber (CDU)<\/p>\n<blockquote><p><strong>An dieser Stelle m\u00f6chte ich mich auch noch einmal recht herzlich bei meinem Paten\/MdB Herrn Prof. Dr. Heinz Riesenhuber (CDU) bedanken, er hat die entscheidende Endauswahl getroffen und mich als Stipendiatin f\u00fcr den Wahlkreis 181 ausgew\u00e4hlt.<\/strong><\/p><\/blockquote>\n","protected":false},"excerpt":{"rendered":"<p>Ich hei\u00dfe euch herzlich willkommen auf meinem Blog, welcher mich w\u00e4hrend meines Auslandsjahres begleiten wird. Denn ab August 2014 werde ich am 31. Parlamentarischen Patenschafts-Programm (PPP) teilnehmen und ein ein ganzes Jahr in den USA verbringen. N\u00e4hre Infos zu dem Programm findet ihr hier http:\/\/31ppp.de\/bianca-noeth\/das-ppp\/ F\u00fcr alle die mich noch nicht kennen, hier das Wichtigste im \u00dcberblick\u2028: Name: Bianca N\u00f6th Geburtstag: 25.November 1991 (22 Jahre) Sternzeichen: Sch\u00fctze Nationalit\u00e4t: deutsch Wohnort: Hattersheim, Hessen, Deutschland Wahlkreis: 181 (Main-Taunus) Ausbildungsberuf: Kauffrau f\u00fcr Marketingkommunikation Hobbies: Fotografie, Fahrradfahren, Skifahren, Schwimmen, Blogs, Festivals, Konzerte, TV Serien&#8230;<a class=\"read-more\" href=\"https:\/\/31ppp.de\/bianca-noeth\/ueber-mich-2\/\">read more<\/a><\/p>\n","protected":false},"author":28,"featured_media":0,"parent":0,"menu_order":0,"comment_status":"open","ping_status":"open","template":"","meta":{"_s2mail":"yes","footnotes":""},"class_list":["post-39","page","type-page","status-publish","hentry","et-no-image","et-bg-layout-dark","et-white-bg"],"_links":{"self":[{"href":"https:\/\/31ppp.de\/bianca-noeth\/wp-json\/wp\/v2\/pages\/39","targetHints":{"allow":["GET"]}}],"collection":[{"href":"https:\/\/31ppp.de\/bianca-noeth\/wp-json\/wp\/v2\/pages"}],"about":[{"href":"https:\/\/31ppp.de\/bianca-noeth\/wp-json\/wp\/v2\/types\/page"}],"author":[{"embeddable":true,"href":"https:\/\/31ppp.de\/bianca-noeth\/wp-json\/wp\/v2\/users\/28"}],"replies":[{"embeddable":true,"href":"https:\/\/31ppp.de\/bianca-noeth\/wp-json\/wp\/v2\/comments?post=39"}],"version-history":[{"count":14,"href":"https:\/\/31ppp.de\/bianca-noeth\/wp-json\/wp\/v2\/pages\/39\/revisions"}],"predecessor-version":[{"id":754,"href":"https:\/\/31ppp.de\/bianca-noeth\/wp-json\/wp\/v2\/pages\/39\/revisions\/754"}],"wp:attachment":[{"href":"https:\/\/31ppp.de\/bianca-noeth\/wp-json\/wp\/v2\/media?parent=39"}],"curies":[{"name":"wp","href":"https:\/\/api.w.org\/{rel}","templated":true}]}}