{"id":36,"date":"2014-07-27T11:27:59","date_gmt":"2014-07-27T09:27:59","guid":{"rendered":"http:\/\/31ppp.de\/bianca-noeth\/?page_id=36"},"modified":"2014-07-27T12:17:55","modified_gmt":"2014-07-27T10:17:55","slug":"das-ppp","status":"publish","type":"page","link":"https:\/\/31ppp.de\/bianca-noeth\/das-ppp\/","title":{"rendered":"Das PPP"},"content":{"rendered":"<p style=\"text-align: center\"><a href=\"http:\/\/31ppp.de\/bianca-noeth\/wp-content\/uploads\/sites\/32\/2014\/04\/133.jpg\"><img loading=\"lazy\" decoding=\"async\" class=\"alignnone size-medium wp-image-30\" src=\"http:\/\/31ppp.de\/bianca-noeth\/wp-content\/uploads\/sites\/32\/2014\/04\/133-300x199.jpg\" alt=\"PPP\/CBYX\" width=\"300\" height=\"199\" srcset=\"https:\/\/31ppp.de\/bianca-noeth\/wp-content\/uploads\/sites\/32\/2014\/04\/133-300x199.jpg 300w, https:\/\/31ppp.de\/bianca-noeth\/wp-content\/uploads\/sites\/32\/2014\/04\/133.jpg 475w\" sizes=\"auto, (max-width: 300px) 100vw, 300px\" \/><\/a><\/p>\n<p>Das Parlamentarische Patenschafts Programm, auch kurz PPP, ist ein Programm, welches in seiner Art einzigartig in Deutschland ist. Im September 1983 wurde das PPP aus Anlass des 300. Jahrestages, der ersten Deutschen Einwanderung nach Nordamerika, gemeinsam mit dem Kongress der Vereinigten Staaten und dem Deutschen Bundestag ins Leben gerufen. Dieses Austauschprogramm wendet sich an Sch\u00fcler und junge Berufst\u00e4tige, mit dem Ziel, der jungen Generation in beiden L\u00e4ndern die Bedeutung freundschaftlicher Zusammenarbeit, die auf gemeinsamen politischen und kulturellen Wertvorstellungen beruht, auf anschauliche Weise zu vermitteln.<\/p>\n<p>Als Stipendiat des PPP lebt man ein Jahr in einer Gastfamilie (notfalls auch auf einem Collegecampus in einem Dorm), besucht f\u00fcr ein halbes Jahr ein College mit berufsbezogenen Kursen, absolviert den Rest des Jahres ein berufsbezogenes Praktikum in einem amerikanischen Betrieb und ist zudem Jugendbotschafter f\u00fcr die gesellschaftliche, politischen und kulturellen Werte Deutschlands. Manchmal kann es auch vorkommen, dass man ein Part-Timer wird, dies bedeutet, dass man das ganze Jahr \u00fcber am College ist und nebenbei 20 Stunden die Woche in einem amerikanischen Betrieb arbeitet. Die Sch\u00fclerstipendiaten besuchen f\u00fcr das Jahr eine Highschool. Auf diese Weise lernen die Stipendiaten in ihrem Alltag, die Unterschiede und Gemeinsamkeiten beider L\u00e4nder kennen. Sie sammeln neue Erfahrungen, erweitern ihren Horizont, pr\u00e4gen ihren Charakter und tragen zur besseren Verst\u00e4ndigung und Festigung der Freundschaft, beider L\u00e4nder bei.<\/p>\n<p>F\u00fcr junge Berufst\u00e4tige werden jedes Jahr 75 Stipendien vergeben.<br \/>\nBewerben k\u00f6nnen sich auch Sch\u00fcler, hier werden 285 Stipendien vergeben, allerdings haben diese einen etwas anderen Bewerbungsablauf und andere Vorraussetzungen.<\/p>\n<p>Parallel zum deutschen PPP gibt es das amerikanische Congress Bundestag Youth Exchange (CBYX). Durch dieses Programm haben jedes Jahr 350 junge Amerikaner die M\u00f6glichkeit ein Austauschjahr in Deutschland zu verbringen. Auch sie leben in Gastfamilien, besuchen deutsche Schulen\/Universit\u00e4ten oder arbeiten als junge Berufst\u00e4tige in deutschen Unternehmen.<\/p>\n<p>Hierzu N\u00e4heres auf:<br \/>\n<a href=\"http:\/\/exchanges.state.gov\/us\/program\/congress-bundestag-youth-exchange\">http:\/\/exchanges.state.gov\/us\/program\/congress-bundestag-youth-exchange<\/a><\/p>\n<p>Au\u00dferdem werden f\u00fcr amerikanische Stipendiaten immer wieder Gastfamilien gesucht:<br \/>\n<a href=\"http:\/\/www.bundestag.de\/bundestag\/europa_internationales\/internat_austausch\/ppp\/gastfamilien.html\">http:\/\/www.bundestag.de\/bundestag\/europa_internationales\/internat_austausch\/ppp\/gastfamilien.html<\/a><\/p>\n<p>Wenn ihr N\u00e4heres \u00fcber das PPP f\u00fcr junge Berufst\u00e4tige erfahren m\u00f6chtet besucht einfach einen der folgenden Links:<br \/>\n<a href=\"http:\/\/www.bundestag.de\/bundestag\/europa_internationales\/internat_austausch\/ppp\/index.html\">http:\/\/www.bundestag.de\/bundestag\/europa_internationales\/internat_austausch\/ppp\/index.html<\/a><br \/>\n<a href=\"http:\/\/www.giz.de\/de\/weltweit\/12884.html\">http:\/\/www.giz.de\/de\/weltweit\/12884.html<\/a><\/p>\n<p><strong>Inwiefern ist das PPP ein &#8220;Patenschaftsprogramm&#8221;?<\/strong><\/p>\n<p>Jede Stipendiatin\/ jeder Stipendiat hat ein Mitglied des deutschen Bundestages (MdB) als Paten oder als Patin. Der MdB trifft die letzte Auswahl der Bewerber und entscheidet somit, wer das Stipendium bekommt. Daher setzt sich auch der Name des Programmes zusammen \u201eParlamentarisches-Patenschafts-Programm\u201c. Je nach Zeit wird der Patenabgeordnete vor und w\u00e4hrend des Auslandsjahres, dem Stipendiat\/der Stipendiaten mit Rat und Tat zur Seite. Schirmherr f\u00fcr das Programm ist Bundestagspr\u00e4sident Norbert Lammert.<\/p>\n<p><strong>Programmziele<\/strong><\/p>\n<ul>\n<li>F\u00f6rderung des interkulturellen Verst\u00e4ndnisses von jungen Berufst\u00e4tigen<\/li>\n<li>Vertiefung der deutsch-amerikanischen Beziehungen<\/li>\n<li>Abbau von Vorurteilen und Klischeevorstellungen<\/li>\n<li>Kennenlernen der historischen, wirtschaftlichen, politischen und gesellschaftlichen Entwicklung der USA<\/li>\n<li>erweitern des eigenen Horizontes<\/li>\n<li>Verbesserung der Fremdsprachenkenntnisse<\/li>\n<li>Erweiterung der beruflichen Kenntnisse<\/li>\n<\/ul>\n<p><strong>Programmablauf f\u00fcr mein Jahr<\/strong><\/p>\n<ul>\n<li>Mai 2013<\/li>\n<li>13.September 2013: Schlusstermin f\u00fcr die Anforderung der Bewerbungsunterlagen bei der GIZ<\/li>\n<li>27.September 2013: Einsendeschluss f\u00fcr die R\u00fccksendung der ausgef\u00fcllten Bewerbungsunterlagen<\/li>\n<li>Oktober\/November 2013: Auswahltagung in Bonn<\/li>\n<li>Januar 2014: Auswahlgespr\u00e4ch mit dem MdB<\/li>\n<li>Februar 2014: Mitteilung \u00fcber Programmteilnahme oder -nichtteilnahme<\/li>\n<li>M\u00e4rz\/April 2014: Vorbereitung in Form von achtt\u00e4gigen regionalen Vorbereitungsseminaren in Gruppen. Im Rahmen des Seminars erfolgt auch der obligatorische TOEFL-Test &#8220;Test of English as a Foreign Language&#8221;<\/li>\n<li>05.August 2015: Ausreise und Orientierungsseminar in New York City mit der Partnerorganisation, Cultural Vistas. Homestayprogramm und Einf\u00fchrungsphase am Platzierungsort ca. 2 Wochen<\/li>\n<li>August bis Dezember 2014: Studienzeit in Community Colleges, Junior Colleges, Technical Schools oder andere Bildungseinrichtungen; berufsbezogene Kurse. Die Teilnehmer verpflichten sich, in dieser Zeit auch mind. 40 Stunden in gemeinn\u00fctzigen Projekten mitzuarbeiten.<\/li>\n<li>Januar 2015 und Juli 2015: Arbeiten in einem amerikanischen Unternehmen. Das &#8220;Praktikum&#8221; muss berufsbezogen sein.<\/li>\n<li>Juli 2015: Abschlussseminar in Washington und R\u00fcckreise nach Deutschland.<\/li>\n<li>Herbst 2015: Zweit\u00e4giges Nachbereitungsseminar in Deutschland zur Auswertung.<\/li>\n<\/ul>\n<p><strong>Teilnahmevoraussetzungen<\/strong><\/p>\n<ul>\n<li>Junge Berufst\u00e4tige mit folgenden Ausbildungsschwerpunkten: handwerkliche, technische und kaufm\u00e4nnische Berufe, au\u00dferdem junge Landwirte und Winzer<\/li>\n<li>Im letzten Ausbildungsjahr oder mit bereits abgeschlossender Berufsausbildung<\/li>\n<li>Alter zum Zeitpunkt der Ausreise: mindestens 16 Jahre, aber h\u00f6chstens 24 Jahre<\/li>\n<li>Jugendliche, die beabsichtigen, einen freiwilligen Wehr-, Zivildienst oder anderen Freiwilligendienst zu leisten, haben sicherzustellen, dass dieser Dienst nicht in die Zeit des Auslandsaufenthaltes f\u00e4llt<\/li>\n<li>erster Wohnsitz in Deutschland am 13.09.2013<\/li>\n<li>kein Kind oder Pflegekind eines\/einer Bundestagsabgeordneten<\/li>\n<li>keine amerikanische Staatsb\u00fcrgerschaft<\/li>\n<li>gute Grundkenntnisse der englischen Sprache. Es m\u00fcssen mindestens drei Schuljahre Englisch nachgewiesen werden<\/li>\n<li>gesundheitliche Eignung: Der Bewerber muss gesundheitlich in der Lage sein, alle Programmteile in den USA absolvieren zu k\u00f6nnen<\/li>\n<\/ul>\n<p>Hinweis: \u2028Kein Visum erhalten und daher von der Teilnahme ausgeschlossen sind unter anderem Berufe aus dem medizinischen und kosmetischen Bereich; auch Studierende sind von der Teilnahme ausgeschlossen.<\/p>\n<p><strong>Finanzierung<\/strong><br \/>\nFinanzierung aller unmittelbarer Kosten durch den Deutschen Bundestag und den Amerikanischen Kongress. Allerdings muss ein Betrag, der Eigenmittel, f\u00fcr Taschengeld evtl. Autoreperaturen etc. von 4.000 Euro nachgewiesen werden.<\/p>\n<p>Hier k\u00f6nnt ihr euch noch ein paar Videos zu dem Programm anschauen:<\/p>\n<p><a href=\"https:\/\/www.youtube.com\/watch?v=MvUTYwGQfcY\">https:\/\/www.youtube.com\/watch?v=MvUTYwGQfcY<\/a><\/p>\n<p><a href=\"https:\/\/www.youtube.com\/watch?list=UUkKTABl5x-2ti09lpXSQJzQ&amp;feature=player_detailpage&amp;v=JUq6JLPG0VY\">https:\/\/www.youtube.com\/watch?list=UUkKTABl5x-2ti09lpXSQJzQ&amp;feature=player_detailpage&amp;v=JUq6JLPG0VY<\/a><\/p>\n<p><a href=\"https:\/\/www.youtube.com\/watch?list=UUkKTABl5x-2ti09lpXSQJzQ&amp;feature=player_detailpage&amp;v=x32wJUKkuTI\">https:\/\/www.youtube.com\/watch?list=UUkKTABl5x-2ti09lpXSQJzQ&amp;feature=player_detailpage&amp;v=x32wJUKkuTI<\/a><\/p>\n<p>&nbsp;<\/p>\n","protected":false},"excerpt":{"rendered":"<p>Das Parlamentarische Patenschafts Programm, auch kurz PPP, ist ein Programm, welches in seiner Art einzigartig in Deutschland ist. Im September 1983 wurde das PPP aus Anlass des 300. Jahrestages, der ersten Deutschen Einwanderung nach Nordamerika, gemeinsam mit dem Kongress der Vereinigten Staaten und dem Deutschen Bundestag ins Leben gerufen. Dieses Austauschprogramm wendet sich an Sch\u00fcler und junge Berufst\u00e4tige, mit dem Ziel, der jungen Generation in beiden L\u00e4ndern die Bedeutung freundschaftlicher Zusammenarbeit, die auf gemeinsamen politischen und kulturellen Wertvorstellungen beruht, auf anschauliche Weise zu vermitteln. Als Stipendiat des PPP lebt man&#8230;<a class=\"read-more\" href=\"https:\/\/31ppp.de\/bianca-noeth\/das-ppp\/\">read more<\/a><\/p>\n","protected":false},"author":28,"featured_media":0,"parent":0,"menu_order":0,"comment_status":"open","ping_status":"open","template":"","meta":{"_s2mail":"yes","footnotes":""},"class_list":["post-36","page","type-page","status-publish","hentry","et-no-image","et-bg-layout-dark","et-white-bg"],"_links":{"self":[{"href":"https:\/\/31ppp.de\/bianca-noeth\/wp-json\/wp\/v2\/pages\/36","targetHints":{"allow":["GET"]}}],"collection":[{"href":"https:\/\/31ppp.de\/bianca-noeth\/wp-json\/wp\/v2\/pages"}],"about":[{"href":"https:\/\/31ppp.de\/bianca-noeth\/wp-json\/wp\/v2\/types\/page"}],"author":[{"embeddable":true,"href":"https:\/\/31ppp.de\/bianca-noeth\/wp-json\/wp\/v2\/users\/28"}],"replies":[{"embeddable":true,"href":"https:\/\/31ppp.de\/bianca-noeth\/wp-json\/wp\/v2\/comments?post=36"}],"version-history":[{"count":2,"href":"https:\/\/31ppp.de\/bianca-noeth\/wp-json\/wp\/v2\/pages\/36\/revisions"}],"predecessor-version":[{"id":48,"href":"https:\/\/31ppp.de\/bianca-noeth\/wp-json\/wp\/v2\/pages\/36\/revisions\/48"}],"wp:attachment":[{"href":"https:\/\/31ppp.de\/bianca-noeth\/wp-json\/wp\/v2\/media?parent=36"}],"curies":[{"name":"wp","href":"https:\/\/api.w.org\/{rel}","templated":true}]}}